{"id":270,"date":"2024-01-26T07:40:29","date_gmt":"2024-01-26T06:40:29","guid":{"rendered":"https:\/\/advans-tunisie.lasuiteandco.fr\/?page_id=270"},"modified":"2024-02-06T15:25:03","modified_gmt":"2024-02-06T14:25:03","slug":"search","status":"publish","type":"page","link":"https:\/\/advanstunisie.com\/ar\/search\/","title":{"rendered":"Page de recherche"},"content":{"rendered":"<div role=\"form\" class=\"wpcf7\" id=\"wpcf7-f1785-p1785-o1\" lang=\"ar\" dir=\"rtl\"><div><div class=\"wpcf7-form\"><div class=\"fit-the-fullspace\"><div><div class=\"screen-reader-response\"><p role=\"status\" aria-live=\"polite\" aria-atomic=\"true\"><\/p> <ul><\/ul><\/div><form action=\"\/ar\/wp-json\/wp\/v2\/pages\/270#wpcf7-f1785-p1785-o1\" method=\"post\" class=\"wpcf7-form init\" enctype=\"\" autocomplete=\"autocomplete\" novalidate=\"novalidate\" data-status=\"init\" locale=\"ar\"><div style=\"display: block;\"><input type=\"hidden\" name=\"_wpcf7\" value=\"1785\" \/>\n<input type=\"hidden\" name=\"_wpcf7_version\" value=\"6.1.5\" \/>\n<input type=\"hidden\" name=\"_wpcf7_locale\" value=\"ar\" \/>\n<input type=\"hidden\" name=\"_wpcf7_unit_tag\" value=\"wpcf7-f1785-p1785-o1\" \/>\n<input type=\"hidden\" name=\"_wpcf7_posted_data_hash\" value=\"\" \/>\n<input type=\"hidden\" name=\"_wpcf7_fit-the-fullspace\" value=\"\" \/>\n<\/div><label> \u0627\u0633\u0645\u0643\n    <span class=\"wpcf7-form-control-wrap\" data-name=\"your-name\"><input size=\"40\" maxlength=\"400\" class=\"wpcf7-form-control wpcf7-text wpcf7-validates-as-required\" id=\"your-name\" autocomplete=\"name\" aria-required=\"true\" aria-invalid=\"false\" value=\"\" type=\"text\" name=\"your-name\" \/><\/span> <\/label>\n\n<label> \u0628\u0631\u064a\u062f\u0643 \u0627\u0644\u0625\u0644\u0643\u062a\u0631\u0648\u0646\u064a\n    <span class=\"wpcf7-form-control-wrap\" data-name=\"your-email\"><input size=\"40\" maxlength=\"400\" class=\"wpcf7-form-control wpcf7-email wpcf7-validates-as-required wpcf7-text wpcf7-validates-as-email\" id=\"your-email\" autocomplete=\"email\" aria-required=\"true\" aria-invalid=\"false\" value=\"\" type=\"email\" name=\"your-email\" \/><\/span> <\/label>\n\n<label> \u0627\u0644\u0645\u0648\u0636\u0648\u0639\n    <span class=\"wpcf7-form-control-wrap\" data-name=\"your-subject\"><input size=\"40\" maxlength=\"400\" class=\"wpcf7-form-control wpcf7-text wpcf7-validates-as-required\" id=\"your-subject\" aria-required=\"true\" aria-invalid=\"false\" value=\"\" type=\"text\" name=\"your-subject\" \/><\/span> <\/label>\n\n<label> \u0631\u0633\u0627\u0644\u062a\u0643 (\u0627\u062e\u062a\u064a\u0627\u0631\u064a)\n    <span class=\"wpcf7-form-control-wrap\" data-name=\"your-message\"><textarea cols=\"40\" rows=\"10\" maxlength=\"2000\" class=\"wpcf7-form-control wpcf7-textarea\" id=\"your-message\" aria-invalid=\"false\" name=\"your-message\"><\/textarea><\/span> <\/label>\n\n<input class=\"wpcf7-form-control wpcf7-submit has-spinner\" type=\"submit\" value=\"\u0625\u0631\u0633\u0627\u0644\" \/><div class=\"wpcf7-response-output\" aria-hidden=\"true\"><\/div><\/form><\/div><\/div><\/div><\/div><\/div>\n    <div id=\"\" class=\"search-hero-block-main-searp\">\n        <div class=\"container\">\n            <div class=\"row\">\n                <div class=\"col-lg-12 col-md-12 col-sm-12 col-12 search-hero-block-in-searp\">\n                    <form class=\"search-box-main-searp\" method=\"get\" action=\"https:\/\/advanstunisie.com\/ar\/search\/\">\n                        <div class=\"search-text-box-searp\">\n                            <input id=\"search\" type=\"text\" placeholder=\"\u0628\u062d\u062b...\" name=\"srch\" value=\"\">\n                            <!-- <input type=\"hidden\" name=\"p_type\" value=\"insights\"> -->\n                        <\/div>\n\n                        <div class=\"search-box-icon-searp\">\n                            <button id=\"search-button\">\n                                <img decoding=\"async\" src=\"https:\/\/advanstunisie.com\/wp-content\/themes\/advans\/assets\/images\/search_icon_hp.svg\" alt=\"\">\n                            <\/button>\n                        <\/div>\n                    <\/form>\n                <\/div>\n            <\/div>\n        <\/div>\n    <\/div>\n        <div class=\"search-result-block-main-searp\">\n        <div class=\"container\">\n            <div class=\"row\">\n                <div class=\"col-lg-12 col-md-12 col-sm-12 col-12 search-result-block-in-searp\">\n                    <div class=\"row\">\n                        <div class=\"container-1130\">\n                                                        <div class=\"SR-studies-block-main-searp\">\n                                <div class=\"SR-studies-top-bar-searp\">\n                                    <div class=\"SR-studies-title-searp\">\n                                        <h4><strong>\u062c\u0645\u064a\u0639 \u0627\u0644\u0646\u062a\u0627\u0626\u062c                                                <span>(6)<\/span><\/strong>\n                                        <\/h4>\n                                    <\/div>\n                                    <!--                                        <div class=\"SR-studies-filter-searp\">-->\n                                    <!--                                            <ul>-->\n                                    <!--                                                <li><a href=\"#\">Trier par<\/a><\/li>-->\n                                    <!--                                                <li class=\"active\"><a href=\"#\">pertinence<\/a><\/li>-->\n                                    <!--                                                <li><a href=\"#\">date<\/a><\/li>-->\n                                    <!--                                            <\/ul>-->\n                                    <!--                                        <\/div>-->\n                                <\/div>\n                                <div class=\"SR-studies-content-main-searp\">\n                                                                                                                    <a href=\"https:\/\/advanstunisie.com\/ar\/insights\/la-berd-et-advans-tunisie-soutiennent-le-financement-des-jeunes-entrepreneurs-en-tunisie\/\">\n                                            <div class=\"SR-studies-info-searp\">\n                                                <h4><strong>La BERD et Advans Tunisie soutiennent le financement des jeunes entrepreneurs en Tunisie<\/strong><\/h4>\n                                                <p><\/p>\n                                                <div class=\"SR-studies-info-date-searp\">\u0627\u0644\u0623\u062e\u0628\u0627\u0631                                                    &#8211; 15 January\u060c 2026                                                <\/div>\n                                            <\/div>\n                                        <\/a>\n                                                                                                                    <a href=\"https:\/\/advanstunisie.com\/ar\/insights\/advans-tunisie-decroche-la-certification-de-protection-des-clients-cpp-niveau-or\/\">\n                                            <div class=\"SR-studies-info-searp\">\n                                                <h4><strong>Advans Tunisie c\u00e9l\u00e8bre 10 ans d\u2019inclusion financi\u00e8re et annonce une nouvelle gouvernance<\/strong><\/h4>\n                                                <p><\/p>\n                                                <div class=\"SR-studies-info-date-searp\">\u0627\u0644\u0623\u062e\u0628\u0627\u0631                                                    &#8211; 17 July\u060c 2025                                                <\/div>\n                                            <\/div>\n                                        <\/a>\n                                                                                                                    <a href=\"https:\/\/advanstunisie.com\/ar\/insights\/advans-tunisie-celebre-lobtention-de-la-certification-msi-20-000-2\/\">\n                                            <div class=\"SR-studies-info-searp\">\n                                                <h4><strong>Advans Tunisie d\u00e9croche la Certification de Protection des Clients (CPP) &#8211; Niveau Or<\/strong><\/h4>\n                                                <p><\/p>\n                                                <div class=\"SR-studies-info-date-searp\">\u0627\u0644\u0623\u062e\u0628\u0627\u0631                                                    &#8211; 18 February\u060c 2025                                                <\/div>\n                                            <\/div>\n                                        <\/a>\n                                                                                                                    <a href=\"https:\/\/advanstunisie.com\/ar\/insights\/advans-tunisie-celebre-lobtention-de-la-certification-msi-20-000\/\">\n                                            <div class=\"SR-studies-info-searp\">\n                                                <h4><strong>Advans Tunisie c\u00e9l\u00e8bre l\u2019obtention de la certification MSI 20 000<\/strong><\/h4>\n                                                <p><\/p>\n                                                <div class=\"SR-studies-info-date-searp\">\u0627\u0644\u0623\u062e\u0628\u0627\u0631                                                    &#8211; 4 June\u060c 2024                                                <\/div>\n                                            <\/div>\n                                        <\/a>\n                                                                                                                    <a href=\"https:\/\/advanstunisie.com\/ar\/insights\/advans-tunisie-leve-15-millions-de-dinars-sur-le-marche-obligataire\/\">\n                                            <div class=\"SR-studies-info-searp\">\n                                                <h4><strong>Advans Tunisie l\u00e8ve 15 millions de dinars sur le march\u00e9 obligataire<\/strong><\/h4>\n                                                <p><\/p>\n                                                <div class=\"SR-studies-info-date-searp\">\u0627\u0644\u0623\u062e\u0628\u0627\u0631                                                    &#8211; 31 May\u060c 2023                                                <\/div>\n                                            <\/div>\n                                        <\/a>\n                                                                                                                    <a href=\"https:\/\/advanstunisie.com\/ar\/insights\/advans-tunisie-au-coeur-de-linnovation\/\">\n                                            <div class=\"SR-studies-info-searp\">\n                                                <h4><strong>Advans Tunisie : Au c\u0153ur de l\u2019innovation<\/strong><\/h4>\n                                                <p><\/p>\n                                                <div class=\"SR-studies-info-date-searp\">\u0627\u0644\u0623\u062e\u0628\u0627\u0631                                                    &#8211; 10 October\u060c 2022                                                <\/div>\n                                            <\/div>\n                                        <\/a>\n                                                                    <\/div>\n                                                            <\/div>\n                        <\/div>\n                    <\/div>\n                <\/div>\n            <\/div>\n        <\/div>\n    <\/div>\n            <div class=\"rebonds-block-main-searp\">\n            <div class=\"container\">\n                <div class=\"row\">\n                    <div class=\"col-lg-12 col-md-12 col-sm-12 col-12 rebonds-block-in-searp\">\n                        <div class=\"row\">\n                            <div class=\"container-1130\">\n                                <div class=\"rebonds-box-main-searp\">\n                                                                            <div class=\"join-us-box-searp\">\n                                            <div class=\"join-us-box-in-searp\">\n                                                <div class=\"join-us-box-info-searp\">\n                                                    <h3>Nos services financiers et non financiers <strong>accessibles \u00e0 Tous<\/strong><\/h3>\n<p>En tant qu\u2019institution de microfinance de r\u00e9f\u00e9rence en Tunisie, Advans r\u00e9pond aux besoins des entrepreneurs mal desservis par le syst\u00e8me financier traditionnel en fournissant des services financiers et non financiers adapt\u00e9s, de mani\u00e8re durable et responsable.<\/p>\n                                                    <div class=\"join-us-info-btns-searp\">\n                                                                                                                                                                                                                                                        <a href=\"#\" class=\"btn default-btn-hp default-Pgreen-btn-hp\">En savoir +<\/a>\n                                                                                                                                                                                                                                        <\/div>\n                                                <\/div>\n                                            <\/div>\n                                        <\/div>\n                                                                            <div class=\"join-us-box-searp\">\n                                            <div class=\"join-us-box-in-searp\">\n                                                <div class=\"join-us-box-info-searp\">\n                                                    <h3><strong>\u00c0 propos<\/strong> de nous<\/h3>\n<p>AdvansTunisie fait partie du groupe Advans, un r\u00e9seau international d\u2019institutions de microfinance offrant des services financiers et non financiers aux micros, petites et moyennes entreprises (MPME) dans des pays en d\u00e9veloppement et en transition \u00e9conomique.<\/p>\n                                                    <div class=\"join-us-info-btns-searp\">\n                                                                                                                                                                                                                                                        <a href=\"#\" class=\"btn default-btn-hp default-Pgreen-btn-hp\">En savoir +<\/a>\n                                                                                                                                                                                                                                        <\/div>\n                                                <\/div>\n                                            <\/div>\n                                        <\/div>\n                                                                    <\/div>\n                            <\/div>\n                        <\/div>\n                    <\/div>\n                <\/div>\n            <\/div>\n        <\/div>\n    \n","protected":false},"excerpt":{"rendered":"<p>\u0627\u0633\u0645\u0643 \u0628\u0631\u064a\u062f\u0643 \u0627\u0644\u0625\u0644\u0643\u062a\u0631\u0648\u0646\u064a \u0627\u0644\u0645\u0648\u0636\u0648\u0639 \u0631\u0633\u0627\u0644\u062a\u0643 (\u0627\u062e\u062a\u064a\u0627\u0631\u064a)<\/p>\n","protected":false},"author":1,"featured_media":0,"parent":0,"menu_order":0,"comment_status":"closed","ping_status":"closed","template":"","meta":{"_acf_changed":false,"footnotes":""},"class_list":["post-270","page","type-page","status-publish","hentry"],"acf":[],"yoast_head":"<!-- This site is optimized with the Yoast SEO plugin v27.4 - https:\/\/yoast.com\/product\/yoast-seo-wordpress\/ -->\n<title>Page de recherche - Advans Tunisie<\/title>\n<meta name=\"robots\" content=\"index, follow, max-snippet:-1, max-image-preview:large, max-video-preview:-1\" \/>\n<link rel=\"canonical\" href=\"https:\/\/advanstunisie.com\/ar\/search\/\" \/>\n<meta property=\"og:locale\" content=\"ar_AR\" \/>\n<meta property=\"og:type\" content=\"article\" \/>\n<meta property=\"og:title\" content=\"Page de recherche - Advans Tunisie\" \/>\n<meta property=\"og:description\" content=\"\u0627\u0633\u0645\u0643 \u0628\u0631\u064a\u062f\u0643 \u0627\u0644\u0625\u0644\u0643\u062a\u0631\u0648\u0646\u064a \u0627\u0644\u0645\u0648\u0636\u0648\u0639 \u0631\u0633\u0627\u0644\u062a\u0643 (\u0627\u062e\u062a\u064a\u0627\u0631\u064a)\" \/>\n<meta property=\"og:url\" content=\"https:\/\/advanstunisie.com\/ar\/search\/\" \/>\n<meta property=\"og:site_name\" content=\"Advans Tunisie\" \/>\n<meta property=\"article:publisher\" content=\"https:\/\/www.facebook.com\/advanstunisie\/\" \/>\n<meta property=\"article:modified_time\" content=\"2024-02-06T14:25:03+00:00\" \/>\n<meta name=\"twitter:card\" content=\"summary_large_image\" \/>\n<script type=\"application\/ld+json\" class=\"yoast-schema-graph\">{\"@context\":\"https:\\\/\\\/schema.org\",\"@graph\":[{\"@type\":\"WebPage\",\"@id\":\"https:\\\/\\\/advanstunisie.com\\\/ar\\\/search\\\/\",\"url\":\"https:\\\/\\\/advanstunisie.com\\\/ar\\\/search\\\/\",\"name\":\"Page de recherche - Advans Tunisie\",\"isPartOf\":{\"@id\":\"https:\\\/\\\/advanstunisie.com\\\/ar\\\/#website\"},\"datePublished\":\"2024-01-26T06:40:29+00:00\",\"dateModified\":\"2024-02-06T14:25:03+00:00\",\"breadcrumb\":{\"@id\":\"https:\\\/\\\/advanstunisie.com\\\/ar\\\/search\\\/#breadcrumb\"},\"inLanguage\":\"ar\",\"potentialAction\":[{\"@type\":\"ReadAction\",\"target\":[\"https:\\\/\\\/advanstunisie.com\\\/ar\\\/search\\\/\"]}]},{\"@type\":\"BreadcrumbList\",\"@id\":\"https:\\\/\\\/advanstunisie.com\\\/ar\\\/search\\\/#breadcrumb\",\"itemListElement\":[{\"@type\":\"ListItem\",\"position\":1,\"name\":\"Home\",\"item\":\"https:\\\/\\\/advanstunisie.com\\\/ar\\\/\"},{\"@type\":\"ListItem\",\"position\":2,\"name\":\"Page de recherche\"}]},{\"@type\":\"WebSite\",\"@id\":\"https:\\\/\\\/advanstunisie.com\\\/ar\\\/#website\",\"url\":\"https:\\\/\\\/advanstunisie.com\\\/ar\\\/\",\"name\":\"Advans Tunisie\",\"description\":\"\",\"publisher\":{\"@id\":\"https:\\\/\\\/advanstunisie.com\\\/ar\\\/#organization\"},\"potentialAction\":[{\"@type\":\"SearchAction\",\"target\":{\"@type\":\"EntryPoint\",\"urlTemplate\":\"https:\\\/\\\/advanstunisie.com\\\/ar\\\/?s={search_term_string}\"},\"query-input\":{\"@type\":\"PropertyValueSpecification\",\"valueRequired\":true,\"valueName\":\"search_term_string\"}}],\"inLanguage\":\"ar\"},{\"@type\":\"Organization\",\"@id\":\"https:\\\/\\\/advanstunisie.com\\\/ar\\\/#organization\",\"name\":\"Advans Tunisie\",\"url\":\"https:\\\/\\\/advanstunisie.com\\\/ar\\\/\",\"logo\":{\"@type\":\"ImageObject\",\"inLanguage\":\"ar\",\"@id\":\"https:\\\/\\\/advanstunisie.com\\\/ar\\\/#\\\/schema\\\/logo\\\/image\\\/\",\"url\":\"https:\\\/\\\/advanstunisie.com\\\/wp-content\\\/uploads\\\/sites\\\/4\\\/2024\\\/04\\\/advans_tunisie_logo_couleur.svg\",\"contentUrl\":\"https:\\\/\\\/advanstunisie.com\\\/wp-content\\\/uploads\\\/sites\\\/4\\\/2024\\\/04\\\/advans_tunisie_logo_couleur.svg\",\"width\":1,\"height\":1,\"caption\":\"Advans Tunisie\"},\"image\":{\"@id\":\"https:\\\/\\\/advanstunisie.com\\\/ar\\\/#\\\/schema\\\/logo\\\/image\\\/\"},\"sameAs\":[\"https:\\\/\\\/www.facebook.com\\\/advanstunisie\\\/\"]}]}<\/script>\n<!-- \/ Yoast SEO plugin. -->","yoast_head_json":{"title":"Page de recherche - Advans Tunisie","robots":{"index":"index","follow":"follow","max-snippet":"max-snippet:-1","max-image-preview":"max-image-preview:large","max-video-preview":"max-video-preview:-1"},"canonical":"https:\/\/advanstunisie.com\/ar\/search\/","og_locale":"ar_AR","og_type":"article","og_title":"Page de recherche - Advans Tunisie","og_description":"\u0627\u0633\u0645\u0643 \u0628\u0631\u064a\u062f\u0643 \u0627\u0644\u0625\u0644\u0643\u062a\u0631\u0648\u0646\u064a \u0627\u0644\u0645\u0648\u0636\u0648\u0639 \u0631\u0633\u0627\u0644\u062a\u0643 (\u0627\u062e\u062a\u064a\u0627\u0631\u064a)","og_url":"https:\/\/advanstunisie.com\/ar\/search\/","og_site_name":"Advans Tunisie","article_publisher":"https:\/\/www.facebook.com\/advanstunisie\/","article_modified_time":"2024-02-06T14:25:03+00:00","twitter_card":"summary_large_image","schema":{"@context":"https:\/\/schema.org","@graph":[{"@type":"WebPage","@id":"https:\/\/advanstunisie.com\/ar\/search\/","url":"https:\/\/advanstunisie.com\/ar\/search\/","name":"Page de recherche - Advans Tunisie","isPartOf":{"@id":"https:\/\/advanstunisie.com\/ar\/#website"},"datePublished":"2024-01-26T06:40:29+00:00","dateModified":"2024-02-06T14:25:03+00:00","breadcrumb":{"@id":"https:\/\/advanstunisie.com\/ar\/search\/#breadcrumb"},"inLanguage":"ar","potentialAction":[{"@type":"ReadAction","target":["https:\/\/advanstunisie.com\/ar\/search\/"]}]},{"@type":"BreadcrumbList","@id":"https:\/\/advanstunisie.com\/ar\/search\/#breadcrumb","itemListElement":[{"@type":"ListItem","position":1,"name":"Home","item":"https:\/\/advanstunisie.com\/ar\/"},{"@type":"ListItem","position":2,"name":"Page de recherche"}]},{"@type":"WebSite","@id":"https:\/\/advanstunisie.com\/ar\/#website","url":"https:\/\/advanstunisie.com\/ar\/","name":"Advans Tunisie","description":"","publisher":{"@id":"https:\/\/advanstunisie.com\/ar\/#organization"},"potentialAction":[{"@type":"SearchAction","target":{"@type":"EntryPoint","urlTemplate":"https:\/\/advanstunisie.com\/ar\/?s={search_term_string}"},"query-input":{"@type":"PropertyValueSpecification","valueRequired":true,"valueName":"search_term_string"}}],"inLanguage":"ar"},{"@type":"Organization","@id":"https:\/\/advanstunisie.com\/ar\/#organization","name":"Advans Tunisie","url":"https:\/\/advanstunisie.com\/ar\/","logo":{"@type":"ImageObject","inLanguage":"ar","@id":"https:\/\/advanstunisie.com\/ar\/#\/schema\/logo\/image\/","url":"https:\/\/advanstunisie.com\/wp-content\/uploads\/sites\/4\/2024\/04\/advans_tunisie_logo_couleur.svg","contentUrl":"https:\/\/advanstunisie.com\/wp-content\/uploads\/sites\/4\/2024\/04\/advans_tunisie_logo_couleur.svg","width":1,"height":1,"caption":"Advans Tunisie"},"image":{"@id":"https:\/\/advanstunisie.com\/ar\/#\/schema\/logo\/image\/"},"sameAs":["https:\/\/www.facebook.com\/advanstunisie\/"]}]}},"_links":{"self":[{"href":"https:\/\/advanstunisie.com\/ar\/wp-json\/wp\/v2\/pages\/270","targetHints":{"allow":["GET"]}}],"collection":[{"href":"https:\/\/advanstunisie.com\/ar\/wp-json\/wp\/v2\/pages"}],"about":[{"href":"https:\/\/advanstunisie.com\/ar\/wp-json\/wp\/v2\/types\/page"}],"author":[{"embeddable":true,"href":"https:\/\/advanstunisie.com\/ar\/wp-json\/wp\/v2\/users\/1"}],"replies":[{"embeddable":true,"href":"https:\/\/advanstunisie.com\/ar\/wp-json\/wp\/v2\/comments?post=270"}],"version-history":[{"count":3,"href":"https:\/\/advanstunisie.com\/ar\/wp-json\/wp\/v2\/pages\/270\/revisions"}],"predecessor-version":[{"id":274,"href":"https:\/\/advanstunisie.com\/ar\/wp-json\/wp\/v2\/pages\/270\/revisions\/274"}],"wp:attachment":[{"href":"https:\/\/advanstunisie.com\/ar\/wp-json\/wp\/v2\/media?parent=270"}],"curies":[{"name":"wp","href":"https:\/\/api.w.org\/{rel}","templated":true}]}}